{"id":6127,"date":"2018-01-22T11:37:39","date_gmt":"2018-01-22T10:37:39","guid":{"rendered":"http:\/\/www.rosaprimainfanzia.it\/wp\/?page_id=6127"},"modified":"2025-09-04T10:52:47","modified_gmt":"2025-09-04T08:52:47","slug":"tron-vasino-monouso","status":"publish","type":"page","link":"https:\/\/www.rosaprimainfanzia.it\/wp\/consigliati-per-voi\/tron-vasino-monouso\/","title":{"rendered":"Tron vasino monouso"},"content":{"rendered":"<p>[vc_row css=&#8221;.vc_custom_1607597436283{padding-right: 50px !important;padding-left: 50px !important;}&#8221;][vc_column width=&#8221;1\/2&#8243;][vc_single_image image=&#8221;8741&#8243; img_size=&#8221;large&#8221; alignment=&#8221;center&#8221; css=&#8221;.vc_custom_1756973154316{padding-bottom: 50px !important;}&#8221;][vc_single_image image=&#8221;7315&#8243; img_size=&#8221;large&#8221; alignment=&#8221;right&#8221; css=&#8221;.vc_custom_1606403886674{padding-top: 35px !important;padding-bottom: 50px !important;}&#8221;][\/vc_column][vc_column width=&#8221;1\/2&#8243;][vc_row_inner][vc_column_inner width=&#8221;2\/3&#8243;]<div class=\"qodef-section-title-holder   qodef-st-animation qodef-st-left\" >\n\t<div class=\"qodef-st-inner\">\n\t\t\t\t\t<h3 class=\"qodef-st-title\" >\n\t\t\t\tTron\t\t\t<\/h3>\n\t\t\t\t<span class=\"qodef-st-separator\"><\/span>\n\t\t\t\t\t<p class=\"qodef-st-text\" >\n\t\t\t\tl\u2019esclusivo vasino monouso! Utile, semplice, pratico<br \/>\ne sicuro.\t\t\t<\/p>\n\t\t\t\t\t<\/div>\n<\/div>[\/vc_column_inner][vc_column_inner width=&#8221;1\/3&#8243;][vc_single_image image=&#8221;7312&#8243; onclick=&#8221;custom_link&#8221; img_link_target=&#8221;_blank&#8221; link=&#8221;https:\/\/www.consobaby.it\/&#8221;][\/vc_column_inner][\/vc_row_inner][vc_separator][vc_empty_space][vc_tta_tabs style=&#8221;flat&#8221; shape=&#8221;square&#8221; color=&#8221;white&#8221; gap=&#8221;2&#8243; active_section=&#8221;1&#8243; css=&#8221;.vc_custom_1604075015992{padding-bottom: 50px !important;}&#8221;][vc_tta_section title=&#8221;DESCRIZIONE&#8221; tab_id=&#8221;1606402970543-448646a0-d96b&#8221;][vc_column_text]<\/p>\n<p style=\"text-align: left;\"><strong>TRON \u00e8 l\u2019esclusivo vasino pieghevole monouso, assolutamente indispensabile in viaggio o durante una passeggiata.<\/strong><\/p>\n<p style=\"text-align: left;\"><strong>TRON risolve il problema dei \u201cbisognini\u201d fuori casa in ogni momento e non solo quando si \u00e8 in vacanza, poich\u00e9 \u00e8 la migliore alternativa ai servizi pubblici spesso in cattive condizioni igieniche. <\/strong>In pochissimi secondi \u00e8 pronto all\u2019uso: lo apri, lo usi, lo chiudi e lo butti via\u2026Grazie al formato tascabile, lo metti in borsa e lo porti sempre con te. Una volta utilizzato e richiuso \u00e8 completamente impermeabile. Sostiene fino a 30 kg ed \u00e8 adatto a tutti i bimbi da 1 ai 6 anni d\u2019et\u00e0.<\/p>\n<p>[\/vc_column_text][\/vc_tta_section][vc_tta_section title=&#8221;DIMENSIONI&#8221; tab_id=&#8221;1599065992200-6e0bcfa6-c4eb&#8221;][vc_single_image image=&#8221;8750&#8243; img_size=&#8221;medium&#8221; css=&#8221;.vc_custom_1756974361423{padding-top: 30px !important;}&#8221;][\/vc_tta_section][vc_tta_section title=&#8221;SMALTIMENTO&#8221; tab_id=&#8221;1632923000805-06057e4d-2bcd&#8221;][vc_column_text]Una volta usato lo chiudi e lo smaltisci nell\u2019indifferenziata.<br \/>\nComposizione e smaltimento del packaging:<\/p>\n<p><img decoding=\"async\" loading=\"lazy\" class=\"alignnone wp-image-8290 size-thumbnail\" src=\"https:\/\/www.rosaprimainfanzia.it\/wp\/wp-content\/uploads\/2021\/10\/simbolo_plasticaOK-150x150.png\" alt=\"\" width=\"150\" height=\"150\" srcset=\"https:\/\/www.rosaprimainfanzia.it\/wp\/wp-content\/uploads\/2021\/10\/simbolo_plasticaOK-150x150.png 150w, https:\/\/www.rosaprimainfanzia.it\/wp\/wp-content\/uploads\/2021\/10\/simbolo_plasticaOK-100x100.png 100w, https:\/\/www.rosaprimainfanzia.it\/wp\/wp-content\/uploads\/2021\/10\/simbolo_plasticaOK.png 200w\" sizes=\"(max-width: 150px) 100vw, 150px\" \/>[\/vc_column_text][\/vc_tta_section][\/vc_tta_tabs][\/vc_column][\/vc_row][vc_row content_text_aligment=&#8221;left&#8221; css=&#8221;.vc_custom_1607597421231{padding-right: 50px !important;padding-bottom: 50px !important;padding-left: 50px !important;}&#8221;][vc_column][vc_row_inner][vc_column_inner width=&#8221;1\/3&#8243;][vc_column_text]<\/p>\n<h4>Di facile utilizzo<\/h4>\n<p>tre semplici gesti per avere tutta la comodit\u00e0 e l\u2019igiene di una toilette esclusiva e personalizzata!<\/p>\n<h4>Pratico e funzionale<\/h4>\n<p>assolutamente indispensabile ogni volta che si esce di casa. Dopo averlo usato lo chiudi e lo butti nell\u2019indifferenziata.<\/p>\n<h4>Ecologico<\/h4>\n<p>realizzato con materiali ecocompatibili.<\/p>\n<p>[\/vc_column_text][\/vc_column_inner][vc_column_inner width=&#8221;1\/3&#8243;][vc_single_image image=&#8221;7314&#8243; img_size=&#8221;large&#8221;][\/vc_column_inner][vc_column_inner width=&#8221;1\/3&#8243;][vc_column_text]<\/p>\n<h4>Sicuro<\/h4>\n<p>il vasino \u00e8 indeformabile, non si piega sotto il peso del bambino rimanendo stabile e sicuro<\/p>\n<h4>Resistente<\/h4>\n<p>la struttura innovativa e i materiali utilizzati rendono il vasino estremamente resistente.<\/p>\n<h4>Pieghevole e compatto<\/h4>\n<p>discreto e poco ingombrante&#8230;una volta usato lo richiudi e non fuoriesce nulla![\/vc_column_text][\/vc_column_inner][\/vc_row_inner][\/vc_column][\/vc_row][vc_row][vc_column]<div class=\"qodef-masonry-elements-holder qodef-masonry-four-columns\">\n\t<div class=\"qodef-masonry-elements-grid-sizer\"><\/div>\n\t<div class=\"qodef-masonry-elements-item qodef-large-width\">\n\t<div class=\"qodef-masonry-elements-item-inner qodef-masonry-elements-item-custom-264904\"  data-item-class=\"qodef-masonry-elements-item-custom-264904\">\n\t\t<span class=\"qodef-masonry-elements-item-background\" style=\"background-image: url(https:\/\/www.rosaprimainfanzia.it\/wp\/wp-content\/uploads\/2025\/09\/tron-con-pupazzo.jpeg)\"><\/span>\n\t\t<div class=\"qodef-masonry-elements-item-inner-helper\">\n\t\t\t<div class=\"qodef-masonry-elements-item-inner-tb\">\n\t\t\t\t<div class=\"qodef-masonry-elements-item-inner-tc\" style=\"vertical-align: middle;text-align: left\">\n\t\t\t\t\t\t\t\t\t<\/div>\n\t\t\t<\/div>\n\t\t<\/div>\n\t<\/div>\n<\/div><div class=\"qodef-masonry-elements-item qodef-square\">\n\t<div class=\"qodef-masonry-elements-item-inner qodef-masonry-elements-item-custom-992298\"  data-item-class=\"qodef-masonry-elements-item-custom-992298\">\n\t\t<span class=\"qodef-masonry-elements-item-background\" style=\"background-image: url(https:\/\/www.rosaprimainfanzia.it\/wp\/wp-content\/uploads\/2025\/09\/tron-pesciolini-bimbo.jpeg)\"><\/span>\n\t\t<div class=\"qodef-masonry-elements-item-inner-helper\">\n\t\t\t<div class=\"qodef-masonry-elements-item-inner-tb\">\n\t\t\t\t<div class=\"qodef-masonry-elements-item-inner-tc\" style=\"vertical-align: middle;text-align: left\">\n\t\t\t\t\t\t\t\t\t<\/div>\n\t\t\t<\/div>\n\t\t<\/div>\n\t<\/div>\n<\/div><div class=\"qodef-masonry-elements-item qodef-square\">\n\t<div class=\"qodef-masonry-elements-item-inner qodef-masonry-elements-item-custom-848256\"  data-item-class=\"qodef-masonry-elements-item-custom-848256\">\n\t\t<span class=\"qodef-masonry-elements-item-background\" style=\"background-image: url(https:\/\/www.rosaprimainfanzia.it\/wp\/wp-content\/uploads\/2025\/09\/tron-chiudo-bimbo.jpeg)\"><\/span>\n\t\t<div class=\"qodef-masonry-elements-item-inner-helper\">\n\t\t\t<div class=\"qodef-masonry-elements-item-inner-tb\">\n\t\t\t\t<div class=\"qodef-masonry-elements-item-inner-tc\" style=\"vertical-align: middle;text-align: left\">\n\t\t\t\t\t\t\t\t\t<\/div>\n\t\t\t<\/div>\n\t\t<\/div>\n\t<\/div>\n<\/div><div class=\"qodef-masonry-elements-item qodef-square\">\n\t<div class=\"qodef-masonry-elements-item-inner qodef-masonry-elements-item-custom-644623\"  data-item-class=\"qodef-masonry-elements-item-custom-644623\">\n\t\t<span class=\"qodef-masonry-elements-item-background\" style=\"background-image: url(https:\/\/www.rosaprimainfanzia.it\/wp\/wp-content\/uploads\/2025\/09\/tron-bimbo-chiuso.jpg)\"><\/span>\n\t\t<div class=\"qodef-masonry-elements-item-inner-helper\">\n\t\t\t<div class=\"qodef-masonry-elements-item-inner-tb\">\n\t\t\t\t<div class=\"qodef-masonry-elements-item-inner-tc\" style=\"vertical-align: middle;text-align: left\">\n\t\t\t\t\t\t\t\t\t<\/div>\n\t\t\t<\/div>\n\t\t<\/div>\n\t<\/div>\n<\/div><div class=\"qodef-masonry-elements-item qodef-square\">\n\t<div class=\"qodef-masonry-elements-item-inner qodef-masonry-elements-item-custom-366916\"  data-item-class=\"qodef-masonry-elements-item-custom-366916\">\n\t\t<span class=\"qodef-masonry-elements-item-background\" style=\"background-image: url(https:\/\/www.rosaprimainfanzia.it\/wp\/wp-content\/uploads\/2025\/09\/tron-bianco-pupu.jpeg)\"><\/span>\n\t\t<div class=\"qodef-masonry-elements-item-inner-helper\">\n\t\t\t<div class=\"qodef-masonry-elements-item-inner-tb\">\n\t\t\t\t<div class=\"qodef-masonry-elements-item-inner-tc\" style=\"vertical-align: middle;text-align: left\">\n\t\t\t\t\t\t\t\t\t<\/div>\n\t\t\t<\/div>\n\t\t<\/div>\n\t<\/div>\n<\/div><div class=\"qodef-masonry-elements-item qodef-large-width\">\n\t<div class=\"qodef-masonry-elements-item-inner qodef-masonry-elements-item-custom-538591\"  data-item-class=\"qodef-masonry-elements-item-custom-538591\">\n\t\t<span class=\"qodef-masonry-elements-item-background\" style=\"background-image: url(https:\/\/www.rosaprimainfanzia.it\/wp\/wp-content\/uploads\/2025\/09\/tron-pesci-spiaggia.jpg)\"><\/span>\n\t\t<div class=\"qodef-masonry-elements-item-inner-helper\">\n\t\t\t<div class=\"qodef-masonry-elements-item-inner-tb\">\n\t\t\t\t<div class=\"qodef-masonry-elements-item-inner-tc\" style=\"vertical-align: middle;text-align: left\">\n\t\t\t\t\t\t\t\t\t<\/div>\n\t\t\t<\/div>\n\t\t<\/div>\n\t<\/div>\n<\/div><\/div>[\/vc_column][\/vc_row]<\/p>\n","protected":false},"excerpt":{"rendered":"<p>[vc_row css=&#8221;.vc_custom_1607597436283{padding-right: 50px !important;padding-left: 50px !important;}&#8221;][vc_column width=&#8221;1\/2&#8243;][vc_single_image image=&#8221;8741&#8243; img_size=&#8221;large&#8221; alignment=&#8221;center&#8221; css=&#8221;.vc_custom_1756973154316{padding-bottom: 50px !important;}&#8221;][vc_single_image image=&#8221;7315&#8243; img_size=&#8221;large&#8221; alignment=&#8221;right&#8221; css=&#8221;.vc_custom_1606403886674{padding-top: 35px !important;padding-bottom: 50px !important;}&#8221;][\/vc_column][vc_column width=&#8221;1\/2&#8243;][vc_row_inner][vc_column_inner width=&#8221;2\/3&#8243;][\/vc_column_inner][vc_column_inner width=&#8221;1\/3&#8243;][vc_single_image image=&#8221;7312&#8243; onclick=&#8221;custom_link&#8221; img_link_target=&#8221;_blank&#8221; link=&#8221;https:\/\/www.consobaby.it\/&#8221;][\/vc_column_inner][\/vc_row_inner][vc_separator][vc_empty_space][vc_tta_tabs style=&#8221;flat&#8221; shape=&#8221;square&#8221; color=&#8221;white&#8221; gap=&#8221;2&#8243; active_section=&#8221;1&#8243; css=&#8221;.vc_custom_1604075015992{padding-bottom: 50px !important;}&#8221;][vc_tta_section title=&#8221;DESCRIZIONE&#8221; tab_id=&#8221;1606402970543-448646a0-d96b&#8221;][vc_column_text] TRON \u00e8 [&hellip;]<\/p>\n","protected":false},"author":1,"featured_media":8741,"parent":7433,"menu_order":0,"comment_status":"closed","ping_status":"closed","template":"full-width.php","meta":[],"yoast_head":"<!-- This site is optimized with the Yoast SEO plugin v20.8 - https:\/\/yoast.com\/wordpress\/plugins\/seo\/ -->\n<title>Tron vasino monouso usa e getta | ecologico e pratico | Rosa Prima Infanzia<\/title>\n<meta name=\"description\" content=\"TRON \u00e8 l\u2019esclusivo vasino pieghevole monouso, assolutamente indispensabile in viaggio o durante una passeggiata.\" \/>\n<meta name=\"robots\" content=\"index, follow, max-snippet:-1, max-image-preview:large, max-video-preview:-1\" \/>\n<link rel=\"canonical\" href=\"https:\/\/www.rosaprimainfanzia.it\/wp\/consigliati-per-voi\/tron-vasino-monouso\/\" \/>\n<meta property=\"og:locale\" content=\"it_IT\" \/>\n<meta property=\"og:type\" content=\"article\" \/>\n<meta property=\"og:title\" content=\"Tron vasino monouso usa e getta | ecologico e pratico | Rosa Prima Infanzia\" \/>\n<meta property=\"og:description\" content=\"TRON \u00e8 l\u2019esclusivo vasino pieghevole monouso, assolutamente indispensabile in viaggio o durante una passeggiata.\" \/>\n<meta property=\"og:url\" content=\"https:\/\/www.rosaprimainfanzia.it\/wp\/consigliati-per-voi\/tron-vasino-monouso\/\" \/>\n<meta property=\"og:site_name\" content=\"Rosaprimainfanzia\" \/>\n<meta property=\"article:publisher\" content=\"https:\/\/www.facebook.com\/RosaPrimaInfanzia\" \/>\n<meta property=\"article:modified_time\" content=\"2025-09-04T08:52:47+00:00\" \/>\n<meta property=\"og:image\" content=\"https:\/\/www.rosaprimainfanzia.it\/wp\/wp-content\/uploads\/2025\/09\/tron-rosaprimainfanzia.png\" \/>\n\t<meta property=\"og:image:width\" content=\"1200\" \/>\n\t<meta property=\"og:image:height\" content=\"1200\" \/>\n\t<meta property=\"og:image:type\" content=\"image\/png\" \/>\n<meta name=\"twitter:card\" content=\"summary_large_image\" \/>\n<meta name=\"twitter:label1\" content=\"Tempo di lettura stimato\" \/>\n\t<meta name=\"twitter:data1\" content=\"2 minuti\" \/>\n<script type=\"application\/ld+json\" class=\"yoast-schema-graph\">{\"@context\":\"https:\/\/schema.org\",\"@graph\":[{\"@type\":\"WebPage\",\"@id\":\"https:\/\/www.rosaprimainfanzia.it\/wp\/consigliati-per-voi\/tron-vasino-monouso\/\",\"url\":\"https:\/\/www.rosaprimainfanzia.it\/wp\/consigliati-per-voi\/tron-vasino-monouso\/\",\"name\":\"Tron vasino monouso usa e getta | ecologico e pratico | Rosa Prima Infanzia\",\"isPartOf\":{\"@id\":\"https:\/\/www.rosaprimainfanzia.it\/wp\/#website\"},\"datePublished\":\"2018-01-22T10:37:39+00:00\",\"dateModified\":\"2025-09-04T08:52:47+00:00\",\"description\":\"TRON \u00e8 l\u2019esclusivo vasino pieghevole monouso, assolutamente indispensabile in viaggio o durante una passeggiata.\",\"breadcrumb\":{\"@id\":\"https:\/\/www.rosaprimainfanzia.it\/wp\/consigliati-per-voi\/tron-vasino-monouso\/#breadcrumb\"},\"inLanguage\":\"it-IT\",\"potentialAction\":[{\"@type\":\"ReadAction\",\"target\":[\"https:\/\/www.rosaprimainfanzia.it\/wp\/consigliati-per-voi\/tron-vasino-monouso\/\"]}]},{\"@type\":\"BreadcrumbList\",\"@id\":\"https:\/\/www.rosaprimainfanzia.it\/wp\/consigliati-per-voi\/tron-vasino-monouso\/#breadcrumb\",\"itemListElement\":[{\"@type\":\"ListItem\",\"position\":1,\"name\":\"Home\",\"item\":\"https:\/\/www.rosaprimainfanzia.it\/wp\/\"},{\"@type\":\"ListItem\",\"position\":2,\"name\":\"Consigliati per te\",\"item\":\"https:\/\/www.rosaprimainfanzia.it\/wp\/consigliati-per-voi\/\"},{\"@type\":\"ListItem\",\"position\":3,\"name\":\"Tron vasino monouso\"}]},{\"@type\":\"WebSite\",\"@id\":\"https:\/\/www.rosaprimainfanzia.it\/wp\/#website\",\"url\":\"https:\/\/www.rosaprimainfanzia.it\/wp\/\",\"name\":\"Rosaprimainfanzia\",\"description\":\"il primo sonno \u00e8...rosa\",\"publisher\":{\"@id\":\"https:\/\/www.rosaprimainfanzia.it\/wp\/#organization\"},\"potentialAction\":[{\"@type\":\"SearchAction\",\"target\":{\"@type\":\"EntryPoint\",\"urlTemplate\":\"https:\/\/www.rosaprimainfanzia.it\/wp\/?s={search_term_string}\"},\"query-input\":\"required name=search_term_string\"}],\"inLanguage\":\"it-IT\"},{\"@type\":\"Organization\",\"@id\":\"https:\/\/www.rosaprimainfanzia.it\/wp\/#organization\",\"name\":\"rosaprimainfanzia\",\"url\":\"https:\/\/www.rosaprimainfanzia.it\/wp\/\",\"logo\":{\"@type\":\"ImageObject\",\"inLanguage\":\"it-IT\",\"@id\":\"https:\/\/www.rosaprimainfanzia.it\/wp\/#\/schema\/logo\/image\/\",\"url\":\"https:\/\/www.rosaprimainfanzia.it\/wp\/wp-content\/uploads\/2020\/12\/LogoRosa.png\",\"contentUrl\":\"https:\/\/www.rosaprimainfanzia.it\/wp\/wp-content\/uploads\/2020\/12\/LogoRosa.png\",\"width\":301,\"height\":106,\"caption\":\"rosaprimainfanzia\"},\"image\":{\"@id\":\"https:\/\/www.rosaprimainfanzia.it\/wp\/#\/schema\/logo\/image\/\"},\"sameAs\":[\"https:\/\/www.facebook.com\/RosaPrimaInfanzia\",\"https:\/\/www.instagram.com\/rosaprimainfanzia\/\",\"https:\/\/www.youtube.com\/channel\/UCGZCx42AE6MVqHLq0qXzAiA\"]}]}<\/script>\n<!-- \/ Yoast SEO plugin. -->","yoast_head_json":{"title":"Tron vasino monouso usa e getta | ecologico e pratico | Rosa Prima Infanzia","description":"TRON \u00e8 l\u2019esclusivo vasino pieghevole monouso, assolutamente indispensabile in viaggio o durante una passeggiata.","robots":{"index":"index","follow":"follow","max-snippet":"max-snippet:-1","max-image-preview":"max-image-preview:large","max-video-preview":"max-video-preview:-1"},"canonical":"https:\/\/www.rosaprimainfanzia.it\/wp\/consigliati-per-voi\/tron-vasino-monouso\/","og_locale":"it_IT","og_type":"article","og_title":"Tron vasino monouso usa e getta | ecologico e pratico | Rosa Prima Infanzia","og_description":"TRON \u00e8 l\u2019esclusivo vasino pieghevole monouso, assolutamente indispensabile in viaggio o durante una passeggiata.","og_url":"https:\/\/www.rosaprimainfanzia.it\/wp\/consigliati-per-voi\/tron-vasino-monouso\/","og_site_name":"Rosaprimainfanzia","article_publisher":"https:\/\/www.facebook.com\/RosaPrimaInfanzia","article_modified_time":"2025-09-04T08:52:47+00:00","og_image":[{"width":1200,"height":1200,"url":"https:\/\/www.rosaprimainfanzia.it\/wp\/wp-content\/uploads\/2025\/09\/tron-rosaprimainfanzia.png","type":"image\/png"}],"twitter_card":"summary_large_image","twitter_misc":{"Tempo di lettura stimato":"2 minuti"},"schema":{"@context":"https:\/\/schema.org","@graph":[{"@type":"WebPage","@id":"https:\/\/www.rosaprimainfanzia.it\/wp\/consigliati-per-voi\/tron-vasino-monouso\/","url":"https:\/\/www.rosaprimainfanzia.it\/wp\/consigliati-per-voi\/tron-vasino-monouso\/","name":"Tron vasino monouso usa e getta | ecologico e pratico | Rosa Prima Infanzia","isPartOf":{"@id":"https:\/\/www.rosaprimainfanzia.it\/wp\/#website"},"datePublished":"2018-01-22T10:37:39+00:00","dateModified":"2025-09-04T08:52:47+00:00","description":"TRON \u00e8 l\u2019esclusivo vasino pieghevole monouso, assolutamente indispensabile in viaggio o durante una passeggiata.","breadcrumb":{"@id":"https:\/\/www.rosaprimainfanzia.it\/wp\/consigliati-per-voi\/tron-vasino-monouso\/#breadcrumb"},"inLanguage":"it-IT","potentialAction":[{"@type":"ReadAction","target":["https:\/\/www.rosaprimainfanzia.it\/wp\/consigliati-per-voi\/tron-vasino-monouso\/"]}]},{"@type":"BreadcrumbList","@id":"https:\/\/www.rosaprimainfanzia.it\/wp\/consigliati-per-voi\/tron-vasino-monouso\/#breadcrumb","itemListElement":[{"@type":"ListItem","position":1,"name":"Home","item":"https:\/\/www.rosaprimainfanzia.it\/wp\/"},{"@type":"ListItem","position":2,"name":"Consigliati per te","item":"https:\/\/www.rosaprimainfanzia.it\/wp\/consigliati-per-voi\/"},{"@type":"ListItem","position":3,"name":"Tron vasino monouso"}]},{"@type":"WebSite","@id":"https:\/\/www.rosaprimainfanzia.it\/wp\/#website","url":"https:\/\/www.rosaprimainfanzia.it\/wp\/","name":"Rosaprimainfanzia","description":"il primo sonno \u00e8...rosa","publisher":{"@id":"https:\/\/www.rosaprimainfanzia.it\/wp\/#organization"},"potentialAction":[{"@type":"SearchAction","target":{"@type":"EntryPoint","urlTemplate":"https:\/\/www.rosaprimainfanzia.it\/wp\/?s={search_term_string}"},"query-input":"required name=search_term_string"}],"inLanguage":"it-IT"},{"@type":"Organization","@id":"https:\/\/www.rosaprimainfanzia.it\/wp\/#organization","name":"rosaprimainfanzia","url":"https:\/\/www.rosaprimainfanzia.it\/wp\/","logo":{"@type":"ImageObject","inLanguage":"it-IT","@id":"https:\/\/www.rosaprimainfanzia.it\/wp\/#\/schema\/logo\/image\/","url":"https:\/\/www.rosaprimainfanzia.it\/wp\/wp-content\/uploads\/2020\/12\/LogoRosa.png","contentUrl":"https:\/\/www.rosaprimainfanzia.it\/wp\/wp-content\/uploads\/2020\/12\/LogoRosa.png","width":301,"height":106,"caption":"rosaprimainfanzia"},"image":{"@id":"https:\/\/www.rosaprimainfanzia.it\/wp\/#\/schema\/logo\/image\/"},"sameAs":["https:\/\/www.facebook.com\/RosaPrimaInfanzia","https:\/\/www.instagram.com\/rosaprimainfanzia\/","https:\/\/www.youtube.com\/channel\/UCGZCx42AE6MVqHLq0qXzAiA"]}]}},"_links":{"self":[{"href":"https:\/\/www.rosaprimainfanzia.it\/wp\/wp-json\/wp\/v2\/pages\/6127"}],"collection":[{"href":"https:\/\/www.rosaprimainfanzia.it\/wp\/wp-json\/wp\/v2\/pages"}],"about":[{"href":"https:\/\/www.rosaprimainfanzia.it\/wp\/wp-json\/wp\/v2\/types\/page"}],"author":[{"embeddable":true,"href":"https:\/\/www.rosaprimainfanzia.it\/wp\/wp-json\/wp\/v2\/users\/1"}],"replies":[{"embeddable":true,"href":"https:\/\/www.rosaprimainfanzia.it\/wp\/wp-json\/wp\/v2\/comments?post=6127"}],"version-history":[{"count":39,"href":"https:\/\/www.rosaprimainfanzia.it\/wp\/wp-json\/wp\/v2\/pages\/6127\/revisions"}],"predecessor-version":[{"id":8751,"href":"https:\/\/www.rosaprimainfanzia.it\/wp\/wp-json\/wp\/v2\/pages\/6127\/revisions\/8751"}],"up":[{"embeddable":true,"href":"https:\/\/www.rosaprimainfanzia.it\/wp\/wp-json\/wp\/v2\/pages\/7433"}],"wp:featuredmedia":[{"embeddable":true,"href":"https:\/\/www.rosaprimainfanzia.it\/wp\/wp-json\/wp\/v2\/media\/8741"}],"wp:attachment":[{"href":"https:\/\/www.rosaprimainfanzia.it\/wp\/wp-json\/wp\/v2\/media?parent=6127"}],"curies":[{"name":"wp","href":"https:\/\/api.w.org\/{rel}","templated":true}]}}